{"id":4407,"date":"2024-03-30T19:37:41","date_gmt":"2024-03-30T17:37:41","guid":{"rendered":"https:\/\/www.networkmarketingturkiye.com\/icerik-duzenle"},"modified":"2024-03-30T19:37:41","modified_gmt":"2024-03-30T17:37:41","slug":"icerik-duzenle","status":"publish","type":"page","link":"https:\/\/networkmarketingturkiye.com\/icerik-duzenle\/","title":{"rendered":"\u0130\u00e7erik D\u00fczenle"},"content":{"rendered":"","protected":false},"excerpt":{"rendered":"","protected":false},"author":1,"featured_media":0,"parent":0,"menu_order":0,"comment_status":"closed","ping_status":"closed","template":"profile\/page-posts-edit.php","meta":{"_joinchat":[],"footnotes":""},"class_list":["post-4407","page","type-page","status-publish","hentry"],"_links":{"self":[{"href":"https:\/\/networkmarketingturkiye.com\/wp-json\/wp\/v2\/pages\/4407","targetHints":{"allow":["GET"]}}],"collection":[{"href":"https:\/\/networkmarketingturkiye.com\/wp-json\/wp\/v2\/pages"}],"about":[{"href":"https:\/\/networkmarketingturkiye.com\/wp-json\/wp\/v2\/types\/page"}],"author":[{"embeddable":true,"href":"https:\/\/networkmarketingturkiye.com\/wp-json\/wp\/v2\/users\/1"}],"replies":[{"embeddable":true,"href":"https:\/\/networkmarketingturkiye.com\/wp-json\/wp\/v2\/comments?post=4407"}],"version-history":[{"count":0,"href":"https:\/\/networkmarketingturkiye.com\/wp-json\/wp\/v2\/pages\/4407\/revisions"}],"wp:attachment":[{"href":"https:\/\/networkmarketingturkiye.com\/wp-json\/wp\/v2\/media?parent=4407"}],"curies":[{"name":"wp","href":"https:\/\/api.w.org\/{rel}","templated":true}]}}