{"id":443,"date":"2012-01-31T12:36:08","date_gmt":"2012-01-31T10:36:08","guid":{"rendered":"http:\/\/www.networkmarketingturkiye.com\/?page_id=443"},"modified":"2012-01-31T12:36:08","modified_gmt":"2012-01-31T10:36:08","slug":"hakkimizda","status":"publish","type":"page","link":"https:\/\/networkmarketingturkiye.com\/hakkimizda\/","title":{"rendered":"Hakk\u0131m\u0131zda"},"content":{"rendered":"<p><em><strong>Network Marketing T\u00fcrkiye<\/strong><\/em> 12 Eyl\u00fcl 2011 Y\u0131l\u0131nda yay\u0131n hayat\u0131na ba\u015flam\u0131\u015ft\u0131r.Network marketing T\u00fcrkiye do\u011frudan sat\u0131\u015f sekt\u00f6r\u00fcnde g\u00f6rd\u00fc\u011f\u00fc firma tan\u0131t\u0131mlar\u0131 e\u011fitimi ve eksikleri \u00fczerine bu bo\u015flu\u011fu siz de\u011ferli okuyucular\u0131mzla birlikte doldurmak i\u00e7in gerekli ve \u00f6z verili analizlerle sizlere hizmet vermeyi ilke edinmi\u015ftir.Network marketing konusunda her t\u00fcrl\u00fc soru ve g\u00f6r\u00fc\u015flerinizi ileti\u015fim b\u00f6l\u00fcm\u00fcnden bize iletebilir,Sekt\u00f6rde yeni kurulacak yerli firmalar\u0131m\u0131z bize firma bilgilerini ve detaylar\u0131n\u0131 bilgi vererek sayfalar\u0131m\u0131zda yer bulurlar.<\/p>\n<p>Resmi olarak bakanl\u0131k taraf\u0131ndan yasaklanan, ya da firmalar taraf\u0131ndan sitemizde yay\u0131nlanmas\u0131 istenmedi\u011fi takdirde o firma ile ilgili yaz\u0131lar kald\u0131r\u0131lacakt\u0131r.Bununla ilgili ileti\u015fim b\u00f6l\u00fcm\u00fcnden bizimle irtibata ge\u00e7ebilirsiniz.<\/p>\n<p><em><strong>Network Marketing T\u00fcrkiye Kadromuz<\/strong><\/em><\/p>\n<p><span style=\"color: #ff0000;\"><em><strong>Genel Koordinat\u00f6r<\/strong><\/em><\/span><\/p>\n<div id=\"attachment_3152\" style=\"width: 158px\" class=\"wp-caption alignnone\"><a href=\"http:\/\/www.networkmarketingturkiye.com\/wp-content\/uploads\/2014\/07\/fatihben.jpg\"><img loading=\"lazy\" decoding=\"async\" aria-describedby=\"caption-attachment-3152\" class=\"wp-image-3152 \" src=\"http:\/\/www.networkmarketingturkiye.com\/wp-content\/uploads\/2014\/07\/fatihben.jpg\" alt=\"fatihben\" width=\"148\" height=\"158\" \/><\/a><p id=\"caption-attachment-3152\" class=\"wp-caption-text\"><em><strong>Fatih YAVUZ<\/strong><\/em><\/p><\/div>\n<p><span style=\"color: #ff0000;\"><em><strong>\u00a0\u00a0 Edit\u00f6rlerimiz<\/strong><\/em><\/span><\/p>\n<p><img loading=\"lazy\" decoding=\"async\" class=\"\" src=\"http:\/\/www.networkmarketingturkiye.com\/wp-content\/uploads\/2016\/05\/cebe-profi.jpg\" alt=\"cebe profi\" width=\"116\" height=\"116\" \/><\/p>\n<p><em><strong>Cengiz Bozkurt Bahar(ARA\u015eTIRMACI YAZAR)<\/strong><\/em><\/p>\n<p><a style=\"display: inline !important;\" href=\"http:\/\/www.networkmarketingturkiye.com\/wp-content\/uploads\/2014\/07\/10463905_10202876885077675_3398868472238370168_n.jpg\"><img loading=\"lazy\" decoding=\"async\" class=\"wp-image-3147\" src=\"http:\/\/www.networkmarketingturkiye.com\/wp-content\/uploads\/2014\/07\/10463905_10202876885077675_3398868472238370168_n.jpg\" alt=\"10463905_10202876885077675_3398868472238370168_n\" width=\"120\" height=\"109\" \/><\/a><\/p>\n<p><em><strong>Adem \u00c7\u0130CEKC\u0130 (SA\u011eLIK UZMANI)<\/strong><\/em><\/p>\n<p><a style=\"display: inline !important;\" href=\"http:\/\/www.networkmarketingturkiye.com\/wp-content\/uploads\/2014\/07\/salimcerit.jpg\"><img loading=\"lazy\" decoding=\"async\" class=\"wp-image-3149\" src=\"http:\/\/www.networkmarketingturkiye.com\/wp-content\/uploads\/2014\/07\/salimcerit.jpg\" alt=\"salimcerit\" width=\"122\" height=\"119\" \/><\/a><\/p>\n<p><em style=\"color: initial;\"><strong>Salim CER\u0130T (BANKACI)<\/strong><\/em><\/p>\n<p><img loading=\"lazy\" decoding=\"async\" class=\"alignnone  wp-image-4441\" src=\"https:\/\/networkmarketingturkiye.com\/wp-content\/uploads\/2024\/04\/akinbey-292x300.jpg\" alt=\"\" width=\"128\" height=\"132\" \/><\/p>\n<p><em><strong>Ak\u0131n Y\u0131ld\u0131z ( Ya\u015fam Ko\u00e7u )<\/strong><\/em><\/p>\n<p><img loading=\"lazy\" decoding=\"async\" class=\"alignnone  wp-image-4317\" src=\"https:\/\/networkmarketingturkiye.com\/wp-content\/uploads\/2022\/04\/ayhan-hoca-138x300.jpg\" alt=\"\" width=\"122\" height=\"265\" \/><\/p>\n<p><em><strong>Ayhan Sar\u0131 (E\u011e\u0130TMEN)<\/strong><\/em><\/p>\n<p><img loading=\"lazy\" decoding=\"async\" class=\"alignnone wp-image-4298\" src=\"https:\/\/networkmarketingturkiye.com\/wp-content\/uploads\/2022\/03\/sinanb-125x300.jpg\" alt=\"\" width=\"125\" height=\"301\" \/><\/p>\n<p><em><strong>Sinan Bak\u0131r<\/strong><\/em><\/p>\n<p><em><strong>(Pazarlama Sorumlusu)<\/strong><\/em><\/p>\n<div id=\"attachment_3352\" style=\"width: 143px\" class=\"wp-caption alignnone\"><a href=\"http:\/\/www.networkmarketingturkiye.com\/wp-content\/uploads\/2012\/01\/serkan\u00f6zkul.jpg\"><img loading=\"lazy\" decoding=\"async\" aria-describedby=\"caption-attachment-3352\" class=\"wp-image-3352\" src=\"http:\/\/www.networkmarketingturkiye.com\/wp-content\/uploads\/2012\/01\/serkan\u00f6zkul.jpg\" alt=\"serkan\u00f6zkul\" width=\"133\" height=\"100\" \/><\/a><p id=\"caption-attachment-3352\" class=\"wp-caption-text\"><em><strong>Mehmet Ali Serkan \u00d6zkul(DOKTOR)<\/strong><\/em><\/p><\/div>\n\n\n<figure class=\"wp-block-image size-full is-resized\"><img decoding=\"async\" src=\"https:\/\/networkmarketingturkiye.com\/wp-content\/uploads\/2025\/02\/HALITABI-e1740720126819.jpg\" alt=\"\" class=\"wp-image-4508\" style=\"width:160px;height:auto\"\/><\/figure>\n\n\n\n<p>    <strong><em>Halit Ba\u011f\u0131r\u0131c\u0131<\/em><\/strong><\/p>\n\n\n\n<p> (<strong><em>E\u011fitmen Ya\u015fam Ko\u00e7u<\/em><\/strong>)<\/p>\n","protected":false},"excerpt":{"rendered":"<p>Network Marketing T\u00fcrkiye 12 Eyl\u00fcl 2011 Y\u0131l\u0131nda yay\u0131n hayat\u0131na ba\u015flam\u0131\u015ft\u0131r.Network marketing T\u00fcrkiye do\u011frudan sat\u0131\u015f sekt\u00f6r\u00fcnde g\u00f6rd\u00fc\u011f\u00fc firma tan\u0131t\u0131mlar\u0131 e\u011fitimi ve eksikleri \u00fczerine bu bo\u015flu\u011fu siz de\u011ferli okuyucular\u0131mzla birlikte doldurmak i\u00e7in gerekli ve \u00f6z verili analizlerle sizlere hizmet vermeyi ilke edinmi\u015ftir.Network marketing konusunda her t\u00fcrl\u00fc soru ve g\u00f6r\u00fc\u015flerinizi ileti\u015fim b\u00f6l\u00fcm\u00fcnden bize iletebilir,Sekt\u00f6rde yeni kurulacak yerli firmalar\u0131m\u0131z [&hellip;]<\/p>\n","protected":false},"author":1,"featured_media":0,"parent":0,"menu_order":0,"comment_status":"open","ping_status":"open","template":"","meta":{"_joinchat":[],"footnotes":""},"class_list":["post-443","page","type-page","status-publish","hentry"],"_links":{"self":[{"href":"https:\/\/networkmarketingturkiye.com\/wp-json\/wp\/v2\/pages\/443","targetHints":{"allow":["GET"]}}],"collection":[{"href":"https:\/\/networkmarketingturkiye.com\/wp-json\/wp\/v2\/pages"}],"about":[{"href":"https:\/\/networkmarketingturkiye.com\/wp-json\/wp\/v2\/types\/page"}],"author":[{"embeddable":true,"href":"https:\/\/networkmarketingturkiye.com\/wp-json\/wp\/v2\/users\/1"}],"replies":[{"embeddable":true,"href":"https:\/\/networkmarketingturkiye.com\/wp-json\/wp\/v2\/comments?post=443"}],"version-history":[{"count":0,"href":"https:\/\/networkmarketingturkiye.com\/wp-json\/wp\/v2\/pages\/443\/revisions"}],"wp:attachment":[{"href":"https:\/\/networkmarketingturkiye.com\/wp-json\/wp\/v2\/media?parent=443"}],"curies":[{"name":"wp","href":"https:\/\/api.w.org\/{rel}","templated":true}]}}