{"id":445,"date":"2012-01-31T12:36:52","date_gmt":"2012-01-31T10:36:52","guid":{"rendered":"http:\/\/www.networkmarketingturkiye.com\/?page_id=445"},"modified":"2012-01-31T12:36:52","modified_gmt":"2012-01-31T10:36:52","slug":"iletisim","status":"publish","type":"page","link":"https:\/\/networkmarketingturkiye.com\/iletisim\/","title":{"rendered":"\u0130leti\u015fim"},"content":{"rendered":"<p>Reklam ve Di\u011fer Soru G\u00f6r\u00fc\u015f ve \u00d6nerileriniz \u0130\u00e7in info@networkmarketingturkiye.com veya turkeynetworking@gmail.com adresimizden ileti\u015fime ge\u00e7ebilirsiniz.<\/p>\n","protected":false},"excerpt":{"rendered":"<p>Reklam ve Di\u011fer Soru G\u00f6r\u00fc\u015f ve \u00d6nerileriniz \u0130\u00e7in info@networkmarketingturkiye.com veya turkeynetworking@gmail.com adresimizden ileti\u015fime ge\u00e7ebilirsiniz.<\/p>\n","protected":false},"author":1,"featured_media":0,"parent":0,"menu_order":0,"comment_status":"open","ping_status":"open","template":"","meta":{"_joinchat":[],"footnotes":""},"class_list":["post-445","page","type-page","status-publish","hentry"],"_links":{"self":[{"href":"https:\/\/networkmarketingturkiye.com\/wp-json\/wp\/v2\/pages\/445","targetHints":{"allow":["GET"]}}],"collection":[{"href":"https:\/\/networkmarketingturkiye.com\/wp-json\/wp\/v2\/pages"}],"about":[{"href":"https:\/\/networkmarketingturkiye.com\/wp-json\/wp\/v2\/types\/page"}],"author":[{"embeddable":true,"href":"https:\/\/networkmarketingturkiye.com\/wp-json\/wp\/v2\/users\/1"}],"replies":[{"embeddable":true,"href":"https:\/\/networkmarketingturkiye.com\/wp-json\/wp\/v2\/comments?post=445"}],"version-history":[{"count":0,"href":"https:\/\/networkmarketingturkiye.com\/wp-json\/wp\/v2\/pages\/445\/revisions"}],"wp:attachment":[{"href":"https:\/\/networkmarketingturkiye.com\/wp-json\/wp\/v2\/media?parent=445"}],"curies":[{"name":"wp","href":"https:\/\/api.w.org\/{rel}","templated":true}]}}